{"id":11867,"date":"2025-03-11T15:09:20","date_gmt":"2025-03-11T14:09:20","guid":{"rendered":"https:\/\/elbtaler-werke.de\/?page_id=11867"},"modified":"2025-05-22T09:16:17","modified_gmt":"2025-05-22T07:16:17","slug":"datenschutz","status":"publish","type":"page","link":"https:\/\/elbtaler-werke.de\/?page_id=11867","title":{"rendered":"Datenschutz"},"content":{"rendered":"\t\t<div data-elementor-type=\"wp-page\" data-elementor-id=\"11867\" class=\"elementor elementor-11867\">\n\t\t\t\t<div class=\"elementor-element elementor-element-52c0793 e-flex e-con-boxed e-con e-parent\" data-id=\"52c0793\" data-element_type=\"container\">\n\t\t\t\t\t<div class=\"e-con-inner\">\n\t\t\t\t<div class=\"elementor-element elementor-element-a7bce73 elementor-widget elementor-widget-text-editor\" data-id=\"a7bce73\" data-element_type=\"widget\" data-widget_type=\"text-editor.default\">\n\t\t\t\t<div class=\"elementor-widget-container\">\n\t\t\t\t\t\t\t\t\t<h4 data-start=\"284\" data-end=\"318\"><strong data-start=\"284\" data-end=\"318\">1. Datenschutz auf einen Blick<\/strong><\/h4><p data-start=\"320\" data-end=\"343\"><strong data-start=\"320\" data-end=\"343\">Allgemeine Hinweise<\/strong><\/p><p data-start=\"345\" data-end=\"502\"><span class=\"relative -mx-px my-[-0.2rem] rounded px-px py-[0.2rem]\">Die folgenden Hinweise geben einen einfachen \u00dcberblick dar\u00fcber, was mit Ihren personenbezogenen Daten passiert, wenn Sie unsere Karriereseite besuchen.<\/span>\u00a0<span class=\"relative -mx-px my-[-0.2rem] rounded px-px py-[0.2rem]\">Personenbezogene Daten sind alle Daten, mit denen Sie pers\u00f6nlich identifiziert werden k\u00f6nnen.<\/span>\u00a0<span class=\"relative -mx-px my-[-0.2rem] rounded px-px py-[0.2rem]\">Ausf\u00fchrliche Informationen zum Thema Datenschutz entnehmen Sie unserer unter diesem Text aufgef\u00fchrten Datenschutzerkl\u00e4rung.<\/span>\u200b<\/p><p data-start=\"504\" data-end=\"542\"><strong data-start=\"504\" data-end=\"542\">Datenerfassung auf unserer Website<\/strong><\/p><p data-start=\"544\" data-end=\"613\"><strong data-start=\"544\" data-end=\"613\">Wer ist verantwortlich f\u00fcr die Datenerfassung auf dieser Website?<\/strong><\/p><p data-start=\"615\" data-end=\"696\"><span class=\"relative -mx-px my-[-0.2rem] rounded px-px py-[0.2rem]\">Die Datenverarbeitung auf dieser Website erfolgt durch die folgenden Gesellschaften:<\/span><\/p>\t\t\t\t\t\t\t\t<\/div>\n\t\t\t\t<\/div>\n\t\t\t\t\t<\/div>\n\t\t\t\t<\/div>\n\t\t<div class=\"elementor-element elementor-element-9949cb8 e-flex e-con-boxed e-con e-parent\" data-id=\"9949cb8\" data-element_type=\"container\">\n\t\t\t\t\t<div class=\"e-con-inner\">\n\t\t<div class=\"elementor-element elementor-element-8fa98b9 e-con-full e-flex e-con e-child\" data-id=\"8fa98b9\" data-element_type=\"container\">\n\t\t<div class=\"elementor-element elementor-element-5e0ee41 e-con-full e-flex e-con e-child\" data-id=\"5e0ee41\" data-element_type=\"container\">\n\t\t\t\t<div class=\"elementor-element elementor-element-1f696d9 elementor-widget elementor-widget-text-editor\" data-id=\"1f696d9\" data-element_type=\"widget\" data-widget_type=\"text-editor.default\">\n\t\t\t\t<div class=\"elementor-widget-container\">\n\t\t\t\t\t\t\t\t\t<p><strong>Elbtaler Feinkostwerk GmbH<\/strong><br \/><strong>Ludwig-Erhard-Stra\u00dfe 2<\/strong><br \/><strong>29525 Uelzen<\/strong><\/p><p>Tel: +49 (0) 4155-49 99 70<br \/>E-Mail: info@elbtaler-werke.de<\/p><p><strong>Gesch\u00e4ftsf\u00fchrung:<\/strong><br \/>Clemens C. Heilmann<\/p><p><strong>Sitz der Gesellschaft:<\/strong><\/p><p>Uelzen<br \/>Registergericht:<br \/>AG L\u00fcneburg HRB 208262<br \/>Ust.-Nr. DE324698027<\/p>\t\t\t\t\t\t\t\t<\/div>\n\t\t\t\t<\/div>\n\t\t\t\t<\/div>\n\t\t<div class=\"elementor-element elementor-element-9e2eb7b e-con-full e-flex e-con e-child\" data-id=\"9e2eb7b\" data-element_type=\"container\">\n\t\t\t\t<div class=\"elementor-element elementor-element-6fda51d elementor-widget elementor-widget-text-editor\" data-id=\"6fda51d\" data-element_type=\"widget\" data-widget_type=\"text-editor.default\">\n\t\t\t\t<div class=\"elementor-widget-container\">\n\t\t\t\t\t\t\t\t\t<p><strong>Elbtaler Convenience Werk GmbH<\/strong><br \/><strong>Ludwig-Erhard-Stra\u00dfe 2<\/strong><br \/><strong>29525 Uelzen<\/strong><\/p><p>Tel: +49 (0) 4155-49 99 70<br \/>E-Mail: info@elbtaler-werke.de<\/p><p><strong>Gesch\u00e4ftsf\u00fchrung:<\/strong><br \/>Steffen C. Heilmann<\/p><p><strong>Sitz der Gesellschaft:<\/strong><\/p><p>Uelzen<br \/>Registergericht:<br \/>AG L\u00fcneburg HRB 208263<br \/>Ust.-Nr. DE324025893<\/p>\t\t\t\t\t\t\t\t<\/div>\n\t\t\t\t<\/div>\n\t\t\t\t<\/div>\n\t\t<div class=\"elementor-element elementor-element-164261c e-con-full e-flex e-con e-child\" data-id=\"164261c\" data-element_type=\"container\">\n\t\t\t\t<div class=\"elementor-element elementor-element-6b1a022 elementor-widget elementor-widget-text-editor\" data-id=\"6b1a022\" data-element_type=\"widget\" data-widget_type=\"text-editor.default\">\n\t\t\t\t<div class=\"elementor-widget-container\">\n\t\t\t\t\t\t\t\t\t<p><strong>Elbtaler Logistik GmbH<\/strong><br \/><strong>Ludwig-Erhard-Stra\u00dfe 2<\/strong><br \/><strong>29525 Uelzen<\/strong><\/p><p>Tel: +49 (0) 4155-49 99 70<br \/>E-Mail: info@elbtaler-werke.de<\/p><p><strong>Gesch\u00e4ftsf\u00fchrung:<\/strong><br \/>Jan C. Heilmann<\/p><p><strong>Sitz der Gesellschaft:<\/strong><\/p><p>Uelzen<br \/>Registergericht:<br \/>AG L\u00fcneburg HRB 208248<br \/>Ust.-Nr. DE324698035<\/p>\t\t\t\t\t\t\t\t<\/div>\n\t\t\t\t<\/div>\n\t\t\t\t<\/div>\n\t\t\t\t<\/div>\n\t\t\t\t\t<\/div>\n\t\t\t\t<\/div>\n\t\t<div class=\"elementor-element elementor-element-5101122 e-flex e-con-boxed e-con e-parent\" data-id=\"5101122\" data-element_type=\"container\">\n\t\t\t\t\t<div class=\"e-con-inner\">\n\t\t\t\t<div class=\"elementor-element elementor-element-7cd1bd3 elementor-widget elementor-widget-text-editor\" data-id=\"7cd1bd3\" data-element_type=\"widget\" data-widget_type=\"text-editor.default\">\n\t\t\t\t<div class=\"elementor-widget-container\">\n\t\t\t\t\t\t\t\t\t<h4><strong>Wie erfassen wir Ihre Daten?<\/strong><\/h4><p data-start=\"1587\" data-end=\"1828\"><span class=\"relative -mx-px my-[-0.2rem] rounded px-px py-[0.2rem]\">Ihre Daten werden zum einen dadurch erhoben, dass Sie uns diese mitteilen.<\/span> <span class=\"relative -mx-px my-[-0.2rem] rounded px-px py-[0.2rem]\">Hierbei kann es sich z.\u202fB. um Daten handeln, die Sie in ein Bewerbungsformular eingeben.<\/span> <span class=\"relative -mx-px my-[-0.2rem] rounded px-px py-[0.2rem]\">Andere Daten werden automatisch beim Besuch der Website durch unsere IT-Systeme erfasst.<\/span> <span class=\"relative -mx-px my-[-0.2rem] rounded px-px py-[0.2rem]\">Das sind vor allem technische Daten (z.\u202fB. Internetbrowser, Betriebssystem oder Uhrzeit des Seitenaufrufs).<\/span> <span class=\"relative -mx-px my-[-0.2rem] rounded px-px py-[0.2rem]\">Die Erfassung dieser Daten erfolgt automatisch, sobald Sie unsere Website betreten.<\/span><\/p><p data-start=\"1830\" data-end=\"1862\"><strong data-start=\"1830\" data-end=\"1862\">Wof\u00fcr nutzen wir Ihre Daten?<\/strong><\/p><p data-start=\"1864\" data-end=\"2029\"><span class=\"relative -mx-px my-[-0.2rem] rounded px-px py-[0.2rem]\">Ein Teil der Daten wird erhoben, um eine fehlerfreie Bereitstellung der Website zu gew\u00e4hrleisten.<\/span> <span class=\"relative -mx-px my-[-0.2rem] rounded px-px py-[0.2rem]\">Andere Daten k\u00f6nnen zur Analyse Ihres Nutzerverhaltens verwendet werden.<\/span> <span class=\"relative -mx-px my-[-0.2rem] rounded px-px py-[0.2rem]\">Personenbezogene Daten, die Sie uns im Rahmen des Bewerbungsprozesses \u00fcbermitteln, werden zur Durchf\u00fchrung des Bewerbungsverfahrens verarbeitet.<\/span><\/p><p data-start=\"2031\" data-end=\"2081\"><strong data-start=\"2031\" data-end=\"2081\">Welche Rechte haben Sie bez\u00fcglich Ihrer Daten?<\/strong><\/p><p data-start=\"2083\" data-end=\"2288\"><span class=\"relative -mx-px my-[-0.2rem] rounded px-px py-[0.2rem]\">Sie haben jederzeit das Recht, unentgeltlich Auskunft \u00fcber Herkunft, Empf\u00e4nger und Zweck Ihrer gespeicherten personenbezogenen Daten zu erhalten.<\/span> <span class=\"relative -mx-px my-[-0.2rem] rounded px-px py-[0.2rem]\">Sie haben au\u00dferdem ein Recht, die Berichtigung, Sperrung oder L\u00f6schung dieser Daten zu verlangen.<\/span> <span class=\"relative -mx-px my-[-0.2rem] rounded px-px py-[0.2rem]\">Hierzu sowie zu weiteren Fragen zum Thema Datenschutz k\u00f6nnen Sie sich jederzeit unter der im Impressum angegebenen Adresse an uns wenden.<\/span> <span class=\"relative -mx-px my-[-0.2rem] rounded px-px py-[0.2rem]\">Des Weiteren steht Ihnen ein Beschwerderecht bei der zust\u00e4ndigen Aufsichtsbeh\u00f6rde zu.<\/span><\/p><p data-start=\"2290\" data-end=\"2336\"><strong data-start=\"2290\" data-end=\"2336\">Analyse-Tools und Tools von Drittanbietern<\/strong><\/p><p data-start=\"2338\" data-end=\"2583\"><span class=\"relative -mx-px my-[-0.2rem] rounded px-px py-[0.2rem]\">Beim Besuch unserer Website kann Ihr Surf-Verhalten statistisch ausgewertet werden.<\/span> <span class=\"relative -mx-px my-[-0.2rem] rounded px-px py-[0.2rem]\">Das geschieht vor allem mit Cookies und mit sogenannten Analyseprogrammen.<\/span> <span class=\"relative -mx-px my-[-0.2rem] rounded px-px py-[0.2rem]\">Die Analyse Ihres Surf-Verhaltens erfolgt in der Regel anonym; das Surf-Verhalten kann nicht zu Ihnen zur\u00fcckverfolgt werden.<\/span> <span class=\"relative -mx-px my-[-0.2rem] rounded px-px py-[0.2rem]\">Sie k\u00f6nnen dieser Analyse widersprechen oder sie durch die Nichtbenutzung bestimmter Tools verhindern.<\/span> <span class=\"relative -mx-px my-[-0.2rem] rounded px-px py-[0.2rem]\">Detaillierte Informationen dazu finden Sie in der folgenden Datenschutzerkl\u00e4rung.<\/span><\/p><p data-start=\"2585\" data-end=\"2710\"><span class=\"relative -mx-px my-[-0.2rem] rounded px-px py-[0.2rem]\">Sie k\u00f6nnen dieser Analyse widersprechen.<\/span> <span class=\"relative -mx-px my-[-0.2rem] rounded px-px py-[0.2rem]\">\u00dcber die Widerspruchsm\u00f6glichkeiten werden wir Sie in dieser Datenschutzerkl\u00e4rung informieren.<\/span><\/p><h4 data-start=\"2712\" data-end=\"2763\"><strong data-start=\"2712\" data-end=\"2763\">2. Allgemeine Hinweise und Pflichtinformationen<\/strong><\/h4><p data-start=\"2765\" data-end=\"2780\"><strong data-start=\"2765\" data-end=\"2780\">Datenschutz<\/strong><\/p><p data-start=\"2782\" data-end=\"2907\"><span class=\"relative -mx-px my-[-0.2rem] rounded px-px py-[0.2rem]\">Die Betreiber dieser Seiten nehmen den Schutz Ihrer pers\u00f6nlichen Daten sehr ernst.<\/span> <span class=\"relative -mx-px my-[-0.2rem] rounded px-px py-[0.2rem]\">Wir behandeln Ihre personenbezogenen Daten vertraulich und entsprechend der gesetzlichen Datenschutzvorschriften sowie dieser Datenschutzerkl\u00e4rung.<\/span><\/p><p data-start=\"2909\" data-end=\"3114\"><span class=\"relative -mx-px my-[-0.2rem] rounded px-px py-[0.2rem]\">Wenn Sie diese Website benutzen, werden verschiedene personenbezogene Daten erhoben.<\/span> <span class=\"relative -mx-px my-[-0.2rem] rounded px-px py-[0.2rem]\">Personenbezogene Daten sind Daten, mit denen Sie pers\u00f6nlich identifiziert werden k\u00f6nnen.<\/span> <span class=\"relative -mx-px my-[-0.2rem] rounded px-px py-[0.2rem]\">Die vorliegende Datenschutzerkl\u00e4rung erl\u00e4utert, welche Daten wir erheben und wof\u00fcr wir sie nutzen.<\/span> <span class=\"relative -mx-px my-[-0.2rem] rounded px-px py-[0.2rem]\">Sie erl\u00e4utert auch, wie und zu welchem Zweck das geschieht.<\/span><\/p><p data-start=\"3116\" data-end=\"3241\"><span class=\"relative -mx-px my-[-0.2rem] rounded px-px py-[0.2rem]\">Wir weisen darauf hin, dass die Daten\u00fcbertragung im Internet (z.\u202fB. bei der Kommunikation per E-Mail) Sicherheitsl\u00fccken aufweisen kann.<\/span> <span class=\"relative -mx-px my-[-0.2rem] rounded px-px py-[0.2rem]\">Ein l\u00fcckenloser Schutz der Daten vor dem Zugriff durch Dritte ist nicht m\u00f6glich.<\/span><\/p><p data-start=\"3243\" data-end=\"3282\"><strong data-start=\"3243\" data-end=\"3282\">Hinweis zur verantwortlichen Stelle<\/strong><\/p><p data-start=\"3284\" data-end=\"3369\"><span class=\"relative -mx-px my-[-0.2rem] rounded px-px py-[0.2rem]\">Verantwortliche Stellen f\u00fcr die Datenverarbeitung auf dieser Website sind die oben genannten Gesellschaften der Elbtaler Werke.<\/span><\/p><p data-start=\"3371\" data-end=\"3424\"><strong data-start=\"3371\" data-end=\"3424\">Widerruf Ihrer Einwilligung zur Datenverarbeitung<\/strong><\/p><p data-start=\"3426\" data-end=\"3631\"><span class=\"relative -mx-px my-[-0.2rem] rounded px-px py-[0.2rem]\">Viele Datenverarbeitungsvorg\u00e4nge sind nur mit Ihrer ausdr\u00fccklichen Einwilligung m\u00f6glich.<\/span> <span class=\"relative -mx-px my-[-0.2rem] rounded px-px py-[0.2rem]\">Sie k\u00f6nnen eine bereits erteilte Einwilligung jederzeit widerrufen.<\/span> <span class=\"relative -mx-px my-[-0.2rem] rounded px-px py-[0.2rem]\">Dazu reicht eine formlose Mitteilung per E-Mail an uns.<\/span> <span class=\"relative -mx-px my-[-0.2rem] rounded px-px py-[0.2rem]\">Die Rechtm\u00e4\u00dfigkeit der bis zum Widerruf erfolgten Datenverarbeitung bleibt vom Widerruf unber\u00fchrt.<\/span><\/p><p data-start=\"3633\" data-end=\"3689\"><strong data-start=\"3633\" data-end=\"3689\">Beschwerderecht bei der zust\u00e4ndigen Aufsichtsbeh\u00f6rde<\/strong><\/p><p data-start=\"3691\" data-end=\"3890\">Im Falle datenschutzrechtlicher Verst\u00f6\u00dfe steht dem Betroffenen ein Beschwerderecht bei der zust\u00e4ndigen Aufsichtsbeh\u00f6rde zu. Zust\u00e4ndige Aufsichtsbeh\u00f6rde in datenschutzrechtlichen Fragen ist der Landes<\/p>\t\t\t\t\t\t\t\t<\/div>\n\t\t\t\t<\/div>\n\t\t\t\t\t<\/div>\n\t\t\t\t<\/div>\n\t\t\t\t<\/div>\n\t\t","protected":false},"excerpt":{"rendered":"<p>1. Datenschutz auf einen Blick Allgemeine Hinweise Die folgenden Hinweise geben einen einfachen \u00dcberblick dar\u00fcber, was mit Ihren personenbezogenen Daten passiert, wenn Sie unsere Karriereseite besuchen.\u00a0Personenbezogene Daten sind alle Daten, mit denen Sie pers\u00f6nlich identifiziert werden k\u00f6nnen.\u00a0Ausf\u00fchrliche Informationen zum Thema Datenschutz entnehmen Sie unserer unter diesem Text aufgef\u00fchrten Datenschutzerkl\u00e4rung.\u200b Datenerfassung auf unserer Website Wer ist&#8230;<\/p>\n","protected":false},"author":1,"featured_media":0,"parent":0,"menu_order":0,"comment_status":"closed","ping_status":"closed","template":"","meta":{"_monsterinsights_skip_tracking":false,"_monsterinsights_sitenote_active":false,"_monsterinsights_sitenote_note":"","_monsterinsights_sitenote_category":0,"_themeisle_gutenberg_block_has_review":false,"footnotes":""},"class_list":["post-11867","page","type-page","status-publish","hentry"],"yoast_head":"<!-- This site is optimized with the Yoast SEO plugin v25.7 - https:\/\/yoast.com\/wordpress\/plugins\/seo\/ -->\n<title>Datenschutz - Elbtaler Werke<\/title>\n<meta name=\"robots\" content=\"index, follow, max-snippet:-1, max-image-preview:large, max-video-preview:-1\" \/>\n<link rel=\"canonical\" href=\"https:\/\/elbtaler-werke.de\/?page_id=11867\" \/>\n<meta property=\"og:locale\" content=\"de_DE\" \/>\n<meta property=\"og:type\" content=\"article\" \/>\n<meta property=\"og:title\" content=\"Datenschutz - Elbtaler Werke\" \/>\n<meta property=\"og:description\" content=\"1. Datenschutz auf einen Blick Allgemeine Hinweise Die folgenden Hinweise geben einen einfachen \u00dcberblick dar\u00fcber, was mit Ihren personenbezogenen Daten passiert, wenn Sie unsere Karriereseite besuchen.\u00a0Personenbezogene Daten sind alle Daten, mit denen Sie pers\u00f6nlich identifiziert werden k\u00f6nnen.\u00a0Ausf\u00fchrliche Informationen zum Thema Datenschutz entnehmen Sie unserer unter diesem Text aufgef\u00fchrten Datenschutzerkl\u00e4rung.\u200b Datenerfassung auf unserer Website Wer ist...\" \/>\n<meta property=\"og:url\" content=\"https:\/\/elbtaler-werke.de\/?page_id=11867\" \/>\n<meta property=\"og:site_name\" content=\"Elbtaler Werke\" \/>\n<meta property=\"article:modified_time\" content=\"2025-05-22T07:16:17+00:00\" \/>\n<meta property=\"og:image\" content=\"https:\/\/elbtaler-werke.de\/wp-content\/uploads\/2025\/02\/cropped-100x100_Logo.png\" \/>\n\t<meta property=\"og:image:width\" content=\"512\" \/>\n\t<meta property=\"og:image:height\" content=\"512\" \/>\n\t<meta property=\"og:image:type\" content=\"image\/png\" \/>\n<meta name=\"twitter:card\" content=\"summary_large_image\" \/>\n<meta name=\"twitter:label1\" content=\"Gesch\u00e4tzte Lesezeit\" \/>\n\t<meta name=\"twitter:data1\" content=\"4\u00a0Minuten\" \/>\n<script type=\"application\/ld+json\" class=\"yoast-schema-graph\">{\"@context\":\"https:\/\/schema.org\",\"@graph\":[{\"@type\":\"WebPage\",\"@id\":\"https:\/\/elbtaler-werke.de\/?page_id=11867\",\"url\":\"https:\/\/elbtaler-werke.de\/?page_id=11867\",\"name\":\"Datenschutz - Elbtaler Werke\",\"isPartOf\":{\"@id\":\"https:\/\/elbtaler-werke.de\/#website\"},\"datePublished\":\"2025-03-11T14:09:20+00:00\",\"dateModified\":\"2025-05-22T07:16:17+00:00\",\"breadcrumb\":{\"@id\":\"https:\/\/elbtaler-werke.de\/?page_id=11867#breadcrumb\"},\"inLanguage\":\"de\",\"potentialAction\":[{\"@type\":\"ReadAction\",\"target\":[\"https:\/\/elbtaler-werke.de\/?page_id=11867\"]}]},{\"@type\":\"BreadcrumbList\",\"@id\":\"https:\/\/elbtaler-werke.de\/?page_id=11867#breadcrumb\",\"itemListElement\":[{\"@type\":\"ListItem\",\"position\":1,\"name\":\"Startseite\",\"item\":\"https:\/\/elbtaler-werke.de\/\"},{\"@type\":\"ListItem\",\"position\":2,\"name\":\"Datenschutz\"}]},{\"@type\":\"WebSite\",\"@id\":\"https:\/\/elbtaler-werke.de\/#website\",\"url\":\"https:\/\/elbtaler-werke.de\/\",\"name\":\"Karriere bei Elbtaler Werke\",\"description\":\"Karriere bei Elbtaler Werke\",\"publisher\":{\"@id\":\"https:\/\/elbtaler-werke.de\/#organization\"},\"alternateName\":\"Karriere bei Elbtaler Werke\",\"potentialAction\":[{\"@type\":\"SearchAction\",\"target\":{\"@type\":\"EntryPoint\",\"urlTemplate\":\"https:\/\/elbtaler-werke.de\/?s={search_term_string}\"},\"query-input\":{\"@type\":\"PropertyValueSpecification\",\"valueRequired\":true,\"valueName\":\"search_term_string\"}}],\"inLanguage\":\"de\"},{\"@type\":\"Organization\",\"@id\":\"https:\/\/elbtaler-werke.de\/#organization\",\"name\":\"Elbtaler Werke\",\"url\":\"https:\/\/elbtaler-werke.de\/\",\"logo\":{\"@type\":\"ImageObject\",\"inLanguage\":\"de\",\"@id\":\"https:\/\/elbtaler-werke.de\/#\/schema\/logo\/image\/\",\"url\":\"https:\/\/elbtaler-werke.de\/wp-content\/uploads\/2025\/02\/cropped-100x100_Logo-1.png\",\"contentUrl\":\"https:\/\/elbtaler-werke.de\/wp-content\/uploads\/2025\/02\/cropped-100x100_Logo-1.png\",\"width\":100,\"height\":100,\"caption\":\"Elbtaler Werke\"},\"image\":{\"@id\":\"https:\/\/elbtaler-werke.de\/#\/schema\/logo\/image\/\"}}]}<\/script>\n<!-- \/ Yoast SEO plugin. -->","yoast_head_json":{"title":"Datenschutz - Elbtaler Werke","robots":{"index":"index","follow":"follow","max-snippet":"max-snippet:-1","max-image-preview":"max-image-preview:large","max-video-preview":"max-video-preview:-1"},"canonical":"https:\/\/elbtaler-werke.de\/?page_id=11867","og_locale":"de_DE","og_type":"article","og_title":"Datenschutz - Elbtaler Werke","og_description":"1. Datenschutz auf einen Blick Allgemeine Hinweise Die folgenden Hinweise geben einen einfachen \u00dcberblick dar\u00fcber, was mit Ihren personenbezogenen Daten passiert, wenn Sie unsere Karriereseite besuchen.\u00a0Personenbezogene Daten sind alle Daten, mit denen Sie pers\u00f6nlich identifiziert werden k\u00f6nnen.\u00a0Ausf\u00fchrliche Informationen zum Thema Datenschutz entnehmen Sie unserer unter diesem Text aufgef\u00fchrten Datenschutzerkl\u00e4rung.\u200b Datenerfassung auf unserer Website Wer ist...","og_url":"https:\/\/elbtaler-werke.de\/?page_id=11867","og_site_name":"Elbtaler Werke","article_modified_time":"2025-05-22T07:16:17+00:00","og_image":[{"width":512,"height":512,"url":"https:\/\/elbtaler-werke.de\/wp-content\/uploads\/2025\/02\/cropped-100x100_Logo.png","type":"image\/png"}],"twitter_card":"summary_large_image","twitter_misc":{"Gesch\u00e4tzte Lesezeit":"4\u00a0Minuten"},"schema":{"@context":"https:\/\/schema.org","@graph":[{"@type":"WebPage","@id":"https:\/\/elbtaler-werke.de\/?page_id=11867","url":"https:\/\/elbtaler-werke.de\/?page_id=11867","name":"Datenschutz - Elbtaler Werke","isPartOf":{"@id":"https:\/\/elbtaler-werke.de\/#website"},"datePublished":"2025-03-11T14:09:20+00:00","dateModified":"2025-05-22T07:16:17+00:00","breadcrumb":{"@id":"https:\/\/elbtaler-werke.de\/?page_id=11867#breadcrumb"},"inLanguage":"de","potentialAction":[{"@type":"ReadAction","target":["https:\/\/elbtaler-werke.de\/?page_id=11867"]}]},{"@type":"BreadcrumbList","@id":"https:\/\/elbtaler-werke.de\/?page_id=11867#breadcrumb","itemListElement":[{"@type":"ListItem","position":1,"name":"Startseite","item":"https:\/\/elbtaler-werke.de\/"},{"@type":"ListItem","position":2,"name":"Datenschutz"}]},{"@type":"WebSite","@id":"https:\/\/elbtaler-werke.de\/#website","url":"https:\/\/elbtaler-werke.de\/","name":"Karriere bei Elbtaler Werke","description":"Karriere bei Elbtaler Werke","publisher":{"@id":"https:\/\/elbtaler-werke.de\/#organization"},"alternateName":"Karriere bei Elbtaler Werke","potentialAction":[{"@type":"SearchAction","target":{"@type":"EntryPoint","urlTemplate":"https:\/\/elbtaler-werke.de\/?s={search_term_string}"},"query-input":{"@type":"PropertyValueSpecification","valueRequired":true,"valueName":"search_term_string"}}],"inLanguage":"de"},{"@type":"Organization","@id":"https:\/\/elbtaler-werke.de\/#organization","name":"Elbtaler Werke","url":"https:\/\/elbtaler-werke.de\/","logo":{"@type":"ImageObject","inLanguage":"de","@id":"https:\/\/elbtaler-werke.de\/#\/schema\/logo\/image\/","url":"https:\/\/elbtaler-werke.de\/wp-content\/uploads\/2025\/02\/cropped-100x100_Logo-1.png","contentUrl":"https:\/\/elbtaler-werke.de\/wp-content\/uploads\/2025\/02\/cropped-100x100_Logo-1.png","width":100,"height":100,"caption":"Elbtaler Werke"},"image":{"@id":"https:\/\/elbtaler-werke.de\/#\/schema\/logo\/image\/"}}]}},"_links":{"self":[{"href":"https:\/\/elbtaler-werke.de\/index.php?rest_route=\/wp\/v2\/pages\/11867","targetHints":{"allow":["GET"]}}],"collection":[{"href":"https:\/\/elbtaler-werke.de\/index.php?rest_route=\/wp\/v2\/pages"}],"about":[{"href":"https:\/\/elbtaler-werke.de\/index.php?rest_route=\/wp\/v2\/types\/page"}],"author":[{"embeddable":true,"href":"https:\/\/elbtaler-werke.de\/index.php?rest_route=\/wp\/v2\/users\/1"}],"replies":[{"embeddable":true,"href":"https:\/\/elbtaler-werke.de\/index.php?rest_route=%2Fwp%2Fv2%2Fcomments&post=11867"}],"version-history":[{"count":10,"href":"https:\/\/elbtaler-werke.de\/index.php?rest_route=\/wp\/v2\/pages\/11867\/revisions"}],"predecessor-version":[{"id":12251,"href":"https:\/\/elbtaler-werke.de\/index.php?rest_route=\/wp\/v2\/pages\/11867\/revisions\/12251"}],"wp:attachment":[{"href":"https:\/\/elbtaler-werke.de\/index.php?rest_route=%2Fwp%2Fv2%2Fmedia&parent=11867"}],"curies":[{"name":"wp","href":"https:\/\/api.w.org\/{rel}","templated":true}]}}