{"id":11860,"date":"2025-03-11T14:56:28","date_gmt":"2025-03-11T13:56:28","guid":{"rendered":"https:\/\/elbtaler-werke.de\/?page_id=11860"},"modified":"2025-05-22T09:03:04","modified_gmt":"2025-05-22T07:03:04","slug":"elementor-11860","status":"publish","type":"page","link":"https:\/\/elbtaler-werke.de\/?page_id=11860","title":{"rendered":"Impressum"},"content":{"rendered":"\t\t<div data-elementor-type=\"wp-page\" data-elementor-id=\"11860\" class=\"elementor elementor-11860\">\n\t\t\t\t<div class=\"elementor-element elementor-element-bb985c5 e-flex e-con-boxed e-con e-parent\" data-id=\"bb985c5\" data-element_type=\"container\">\n\t\t\t\t\t<div class=\"e-con-inner\">\n\t\t\t\t<div class=\"elementor-element elementor-element-fd3b9a9 elementor-widget elementor-widget-text-editor\" data-id=\"fd3b9a9\" data-element_type=\"widget\" data-widget_type=\"text-editor.default\">\n\t\t\t\t<div class=\"elementor-widget-container\">\n\t\t\t\t\t\t\t\t\t<h3>Angaben gem. \u00a7 5 TMG<\/h3>\t\t\t\t\t\t\t\t<\/div>\n\t\t\t\t<\/div>\n\t\t\t\t\t<\/div>\n\t\t\t\t<\/div>\n\t\t<div class=\"elementor-element elementor-element-246cd27 e-flex e-con-boxed e-con e-parent\" data-id=\"246cd27\" data-element_type=\"container\">\n\t\t\t\t\t<div class=\"e-con-inner\">\n\t\t<div class=\"elementor-element elementor-element-f871782 e-con-full e-flex e-con e-child\" data-id=\"f871782\" data-element_type=\"container\">\n\t\t\t\t<div class=\"elementor-element elementor-element-2287436 elementor-widget elementor-widget-text-editor\" data-id=\"2287436\" data-element_type=\"widget\" data-widget_type=\"text-editor.default\">\n\t\t\t\t<div class=\"elementor-widget-container\">\n\t\t\t\t\t\t\t\t\t<p><strong>Elbtaler Feinkostwerk GmbH<\/strong><br \/><strong>Ludwig-Erhard-Stra\u00dfe 2<\/strong><br \/><strong>29525 Uelzen<\/strong><\/p><p>Tel: +49 (0) 4155-49 99 70<br \/>E-Mail: info@elbtaler-werke.de<\/p><p><strong>Gesch\u00e4ftsf\u00fchrung:<\/strong><br \/>Clemens C. Heilmann<\/p><p><strong>Sitz der Gesellschaft:<\/strong><\/p><p>Uelzen<br \/>Registergericht:<br \/>AG L\u00fcneburg HRB 208262<br \/>Ust.-Nr. DE324698027<\/p>\t\t\t\t\t\t\t\t<\/div>\n\t\t\t\t<\/div>\n\t\t\t\t<\/div>\n\t\t<div class=\"elementor-element elementor-element-74bc455 e-con-full e-flex e-con e-child\" data-id=\"74bc455\" data-element_type=\"container\">\n\t\t\t\t<div class=\"elementor-element elementor-element-ad57b97 elementor-widget elementor-widget-text-editor\" data-id=\"ad57b97\" data-element_type=\"widget\" data-widget_type=\"text-editor.default\">\n\t\t\t\t<div class=\"elementor-widget-container\">\n\t\t\t\t\t\t\t\t\t<p><strong>Elbtaler Convenience Werk GmbH<\/strong><br \/><strong>Ludwig-Erhard-Stra\u00dfe 2<\/strong><br \/><strong>29525 Uelzen<\/strong><\/p><p>Tel: +49 (0) 4155-49 99 70<br \/>E-Mail: info@elbtaler-werke.de<\/p><p><strong>Gesch\u00e4ftsf\u00fchrung:<\/strong><br \/>Steffen C. Heilmann<\/p><p><strong>Sitz der Gesellschaft:<\/strong><\/p><p>Uelzen<br \/>Registergericht:<br \/>AG L\u00fcneburg HRB 208263<br \/>Ust.-Nr. DE324025893<\/p>\t\t\t\t\t\t\t\t<\/div>\n\t\t\t\t<\/div>\n\t\t\t\t<\/div>\n\t\t<div class=\"elementor-element elementor-element-e24cdad e-con-full e-flex e-con e-child\" data-id=\"e24cdad\" data-element_type=\"container\">\n\t\t\t\t<div class=\"elementor-element elementor-element-347e95f elementor-widget elementor-widget-text-editor\" data-id=\"347e95f\" data-element_type=\"widget\" data-widget_type=\"text-editor.default\">\n\t\t\t\t<div class=\"elementor-widget-container\">\n\t\t\t\t\t\t\t\t\t<p><strong>Elbtaler Logistik GmbH<\/strong><br \/><strong>Ludwig-Erhard-Stra\u00dfe 2<\/strong><br \/><strong>29525 Uelzen<\/strong><\/p><p>Tel: +49 (0) 4155-49 99 70<br \/>E-Mail: info@elbtaler-werke.de<\/p><p><strong>Gesch\u00e4ftsf\u00fchrung:<\/strong><br \/>Jan C. Heilmann<\/p><p><strong>Sitz der Gesellschaft:<\/strong><\/p><p>Uelzen<br \/>Registergericht:<br \/>AG L\u00fcneburg HRB 208248<br \/>Ust.-Nr. DE324698035<\/p>\t\t\t\t\t\t\t\t<\/div>\n\t\t\t\t<\/div>\n\t\t\t\t<\/div>\n\t\t\t\t\t<\/div>\n\t\t\t\t<\/div>\n\t\t<div class=\"elementor-element elementor-element-56e5cdc e-flex e-con-boxed e-con e-parent\" data-id=\"56e5cdc\" data-element_type=\"container\">\n\t\t\t\t\t<div class=\"e-con-inner\">\n\t\t\t\t<div class=\"elementor-element elementor-element-c8a7749 elementor-widget elementor-widget-text-editor\" data-id=\"c8a7749\" data-element_type=\"widget\" data-widget_type=\"text-editor.default\">\n\t\t\t\t<div class=\"elementor-widget-container\">\n\t\t\t\t\t\t\t\t\t<h4><span style=\"letter-spacing: -0.02em; text-align: var(--text-align);\">Verantwortlich f\u00fcr den Inhalt nach \u00a7 55 Abs. 2 RStV:<\/span><\/h4><p>Jan C. Heilmann<\/p><p data-start=\"1896\" data-end=\"2569\"><strong data-start=\"1896\" data-end=\"1919\">Haftung f\u00fcr Inhalte<\/strong><br data-start=\"1919\" data-end=\"1922\" \/>Als Diensteanbieter sind wir gem\u00e4\u00df <strong data-start=\"1957\" data-end=\"1994\">\u00a7 8 Digitale-Dienste-Gesetz (DDG)<\/strong> f\u00fcr eigene Inhalte auf diesen Seiten nach den allgemeinen Gesetzen verantwortlich. Wir sind jedoch nicht verpflichtet, \u00fcbermittelte oder gespeicherte fremde Informationen zu \u00fcberwachen oder nach Umst\u00e4nden zu forschen, die auf eine rechtswidrige T\u00e4tigkeit hinweisen. Verpflichtungen zur Entfernung oder Sperrung der Nutzung von Informationen nach den allgemeinen Gesetzen bleiben hiervon unber\u00fchrt. Eine Haftung tritt jedoch erst ab dem Zeitpunkt ein, in dem eine konkrete Rechtsverletzung bekannt wird. Bei entsprechenden Hinweisen entfernen wir betroffene Inhalte umgehend.<\/p><p data-start=\"2571\" data-end=\"2997\"><strong data-start=\"2571\" data-end=\"2592\">Haftung f\u00fcr Links<\/strong><br data-start=\"2592\" data-end=\"2595\" \/>Unser Angebot enth\u00e4lt Links zu externen Webseiten Dritter, auf deren Inhalte wir keinen Einfluss haben. F\u00fcr die Inhalte der verlinkten Seiten ist stets der jeweilige Anbieter oder Betreiber verantwortlich. Eine regelm\u00e4\u00dfige inhaltliche Kontrolle dieser Seiten ist uns nicht m\u00f6glich. Sollten uns jedoch Hinweise auf Rechtsverst\u00f6\u00dfe auf verlinkten Seiten bekannt werden, entfernen wir diese Links umgehend.<\/p><p data-start=\"2999\" data-end=\"3703\"><strong data-start=\"2999\" data-end=\"3015\">Urheberrecht<\/strong><br data-start=\"3015\" data-end=\"3018\" \/>Die durch die Seitenbetreiber erstellten Inhalte und Werke auf diesen Seiten unterliegen dem deutschen Urheberrecht. Eine Vervielf\u00e4ltigung, Bearbeitung, Verbreitung oder sonstige Nutzung au\u00dferhalb der Grenzen des Urheberrechts bedarf der schriftlichen Zustimmung des jeweiligen Urhebers oder Erstellers. Downloads und Kopien dieser Seite sind nur f\u00fcr den privaten, nicht kommerziellen Gebrauch gestattet.<br data-start=\"3422\" data-end=\"3425\" \/>Soweit Inhalte nicht vom Betreiber erstellt wurden, werden die Urheberrechte Dritter beachtet und entsprechend gekennzeichnet. Sollten Sie dennoch eine Urheberrechtsverletzung feststellen, bitten wir um einen Hinweis. Bei Bekanntwerden entfernen wir betroffene Inhalte umgehend.<\/p>\t\t\t\t\t\t\t\t<\/div>\n\t\t\t\t<\/div>\n\t\t\t\t\t<\/div>\n\t\t\t\t<\/div>\n\t\t\t\t<\/div>\n\t\t","protected":false},"excerpt":{"rendered":"<p>Angaben gem. \u00a7 5 TMG Elbtaler Feinkostwerk GmbHLudwig-Erhard-Stra\u00dfe 229525 Uelzen Tel: +49 (0) 4155-49 99 70E-Mail: info@elbtaler-werke.de Gesch\u00e4ftsf\u00fchrung:Clemens C. Heilmann Sitz der Gesellschaft: UelzenRegistergericht:AG L\u00fcneburg HRB 208262Ust.-Nr. DE324698027 Elbtaler Convenience Werk GmbHLudwig-Erhard-Stra\u00dfe 229525 Uelzen Tel: +49 (0) 4155-49 99 70E-Mail: info@elbtaler-werke.de Gesch\u00e4ftsf\u00fchrung:Steffen C. Heilmann Sitz der Gesellschaft: UelzenRegistergericht:AG L\u00fcneburg HRB 208263Ust.-Nr. DE324025893 Elbtaler Logistik GmbHLudwig-Erhard-Stra\u00dfe&#8230;<\/p>\n","protected":false},"author":1,"featured_media":0,"parent":0,"menu_order":0,"comment_status":"closed","ping_status":"closed","template":"","meta":{"_monsterinsights_skip_tracking":false,"_monsterinsights_sitenote_active":false,"_monsterinsights_sitenote_note":"","_monsterinsights_sitenote_category":0,"_themeisle_gutenberg_block_has_review":false,"footnotes":""},"class_list":["post-11860","page","type-page","status-publish","hentry"],"yoast_head":"<!-- This site is optimized with the Yoast SEO plugin v25.7 - https:\/\/yoast.com\/wordpress\/plugins\/seo\/ -->\n<title>Impressum - Elbtaler Werke<\/title>\n<meta name=\"robots\" content=\"index, follow, max-snippet:-1, max-image-preview:large, max-video-preview:-1\" \/>\n<link rel=\"canonical\" href=\"https:\/\/elbtaler-werke.de\/?page_id=11860\" \/>\n<meta property=\"og:locale\" content=\"de_DE\" \/>\n<meta property=\"og:type\" content=\"article\" \/>\n<meta property=\"og:title\" content=\"Impressum - Elbtaler Werke\" \/>\n<meta property=\"og:description\" content=\"Angaben gem. \u00a7 5 TMG Elbtaler Feinkostwerk GmbHLudwig-Erhard-Stra\u00dfe 229525 Uelzen Tel: +49 (0) 4155-49 99 70E-Mail: info@elbtaler-werke.de Gesch\u00e4ftsf\u00fchrung:Clemens C. Heilmann Sitz der Gesellschaft: UelzenRegistergericht:AG L\u00fcneburg HRB 208262Ust.-Nr. DE324698027 Elbtaler Convenience Werk GmbHLudwig-Erhard-Stra\u00dfe 229525 Uelzen Tel: +49 (0) 4155-49 99 70E-Mail: info@elbtaler-werke.de Gesch\u00e4ftsf\u00fchrung:Steffen C. Heilmann Sitz der Gesellschaft: UelzenRegistergericht:AG L\u00fcneburg HRB 208263Ust.-Nr. DE324025893 Elbtaler Logistik GmbHLudwig-Erhard-Stra\u00dfe...\" \/>\n<meta property=\"og:url\" content=\"https:\/\/elbtaler-werke.de\/?page_id=11860\" \/>\n<meta property=\"og:site_name\" content=\"Elbtaler Werke\" \/>\n<meta property=\"article:modified_time\" content=\"2025-05-22T07:03:04+00:00\" \/>\n<meta property=\"og:image\" content=\"https:\/\/elbtaler-werke.de\/wp-content\/uploads\/2025\/02\/cropped-100x100_Logo.png\" \/>\n\t<meta property=\"og:image:width\" content=\"512\" \/>\n\t<meta property=\"og:image:height\" content=\"512\" \/>\n\t<meta property=\"og:image:type\" content=\"image\/png\" \/>\n<meta name=\"twitter:card\" content=\"summary_large_image\" \/>\n<meta name=\"twitter:label1\" content=\"Gesch\u00e4tzte Lesezeit\" \/>\n\t<meta name=\"twitter:data1\" content=\"2\u00a0Minuten\" \/>\n<script type=\"application\/ld+json\" class=\"yoast-schema-graph\">{\"@context\":\"https:\/\/schema.org\",\"@graph\":[{\"@type\":\"WebPage\",\"@id\":\"https:\/\/elbtaler-werke.de\/?page_id=11860\",\"url\":\"https:\/\/elbtaler-werke.de\/?page_id=11860\",\"name\":\"Impressum - Elbtaler Werke\",\"isPartOf\":{\"@id\":\"https:\/\/elbtaler-werke.de\/#website\"},\"datePublished\":\"2025-03-11T13:56:28+00:00\",\"dateModified\":\"2025-05-22T07:03:04+00:00\",\"breadcrumb\":{\"@id\":\"https:\/\/elbtaler-werke.de\/?page_id=11860#breadcrumb\"},\"inLanguage\":\"de\",\"potentialAction\":[{\"@type\":\"ReadAction\",\"target\":[\"https:\/\/elbtaler-werke.de\/?page_id=11860\"]}]},{\"@type\":\"BreadcrumbList\",\"@id\":\"https:\/\/elbtaler-werke.de\/?page_id=11860#breadcrumb\",\"itemListElement\":[{\"@type\":\"ListItem\",\"position\":1,\"name\":\"Startseite\",\"item\":\"https:\/\/elbtaler-werke.de\/\"},{\"@type\":\"ListItem\",\"position\":2,\"name\":\"Impressum\"}]},{\"@type\":\"WebSite\",\"@id\":\"https:\/\/elbtaler-werke.de\/#website\",\"url\":\"https:\/\/elbtaler-werke.de\/\",\"name\":\"Karriere bei Elbtaler Werke\",\"description\":\"Karriere bei Elbtaler Werke\",\"publisher\":{\"@id\":\"https:\/\/elbtaler-werke.de\/#organization\"},\"alternateName\":\"Karriere bei Elbtaler Werke\",\"potentialAction\":[{\"@type\":\"SearchAction\",\"target\":{\"@type\":\"EntryPoint\",\"urlTemplate\":\"https:\/\/elbtaler-werke.de\/?s={search_term_string}\"},\"query-input\":{\"@type\":\"PropertyValueSpecification\",\"valueRequired\":true,\"valueName\":\"search_term_string\"}}],\"inLanguage\":\"de\"},{\"@type\":\"Organization\",\"@id\":\"https:\/\/elbtaler-werke.de\/#organization\",\"name\":\"Elbtaler Werke\",\"url\":\"https:\/\/elbtaler-werke.de\/\",\"logo\":{\"@type\":\"ImageObject\",\"inLanguage\":\"de\",\"@id\":\"https:\/\/elbtaler-werke.de\/#\/schema\/logo\/image\/\",\"url\":\"https:\/\/elbtaler-werke.de\/wp-content\/uploads\/2025\/02\/cropped-100x100_Logo-1.png\",\"contentUrl\":\"https:\/\/elbtaler-werke.de\/wp-content\/uploads\/2025\/02\/cropped-100x100_Logo-1.png\",\"width\":100,\"height\":100,\"caption\":\"Elbtaler Werke\"},\"image\":{\"@id\":\"https:\/\/elbtaler-werke.de\/#\/schema\/logo\/image\/\"}}]}<\/script>\n<!-- \/ Yoast SEO plugin. -->","yoast_head_json":{"title":"Impressum - Elbtaler Werke","robots":{"index":"index","follow":"follow","max-snippet":"max-snippet:-1","max-image-preview":"max-image-preview:large","max-video-preview":"max-video-preview:-1"},"canonical":"https:\/\/elbtaler-werke.de\/?page_id=11860","og_locale":"de_DE","og_type":"article","og_title":"Impressum - Elbtaler Werke","og_description":"Angaben gem. \u00a7 5 TMG Elbtaler Feinkostwerk GmbHLudwig-Erhard-Stra\u00dfe 229525 Uelzen Tel: +49 (0) 4155-49 99 70E-Mail: info@elbtaler-werke.de Gesch\u00e4ftsf\u00fchrung:Clemens C. Heilmann Sitz der Gesellschaft: UelzenRegistergericht:AG L\u00fcneburg HRB 208262Ust.-Nr. DE324698027 Elbtaler Convenience Werk GmbHLudwig-Erhard-Stra\u00dfe 229525 Uelzen Tel: +49 (0) 4155-49 99 70E-Mail: info@elbtaler-werke.de Gesch\u00e4ftsf\u00fchrung:Steffen C. Heilmann Sitz der Gesellschaft: UelzenRegistergericht:AG L\u00fcneburg HRB 208263Ust.-Nr. DE324025893 Elbtaler Logistik GmbHLudwig-Erhard-Stra\u00dfe...","og_url":"https:\/\/elbtaler-werke.de\/?page_id=11860","og_site_name":"Elbtaler Werke","article_modified_time":"2025-05-22T07:03:04+00:00","og_image":[{"width":512,"height":512,"url":"https:\/\/elbtaler-werke.de\/wp-content\/uploads\/2025\/02\/cropped-100x100_Logo.png","type":"image\/png"}],"twitter_card":"summary_large_image","twitter_misc":{"Gesch\u00e4tzte Lesezeit":"2\u00a0Minuten"},"schema":{"@context":"https:\/\/schema.org","@graph":[{"@type":"WebPage","@id":"https:\/\/elbtaler-werke.de\/?page_id=11860","url":"https:\/\/elbtaler-werke.de\/?page_id=11860","name":"Impressum - Elbtaler Werke","isPartOf":{"@id":"https:\/\/elbtaler-werke.de\/#website"},"datePublished":"2025-03-11T13:56:28+00:00","dateModified":"2025-05-22T07:03:04+00:00","breadcrumb":{"@id":"https:\/\/elbtaler-werke.de\/?page_id=11860#breadcrumb"},"inLanguage":"de","potentialAction":[{"@type":"ReadAction","target":["https:\/\/elbtaler-werke.de\/?page_id=11860"]}]},{"@type":"BreadcrumbList","@id":"https:\/\/elbtaler-werke.de\/?page_id=11860#breadcrumb","itemListElement":[{"@type":"ListItem","position":1,"name":"Startseite","item":"https:\/\/elbtaler-werke.de\/"},{"@type":"ListItem","position":2,"name":"Impressum"}]},{"@type":"WebSite","@id":"https:\/\/elbtaler-werke.de\/#website","url":"https:\/\/elbtaler-werke.de\/","name":"Karriere bei Elbtaler Werke","description":"Karriere bei Elbtaler Werke","publisher":{"@id":"https:\/\/elbtaler-werke.de\/#organization"},"alternateName":"Karriere bei Elbtaler Werke","potentialAction":[{"@type":"SearchAction","target":{"@type":"EntryPoint","urlTemplate":"https:\/\/elbtaler-werke.de\/?s={search_term_string}"},"query-input":{"@type":"PropertyValueSpecification","valueRequired":true,"valueName":"search_term_string"}}],"inLanguage":"de"},{"@type":"Organization","@id":"https:\/\/elbtaler-werke.de\/#organization","name":"Elbtaler Werke","url":"https:\/\/elbtaler-werke.de\/","logo":{"@type":"ImageObject","inLanguage":"de","@id":"https:\/\/elbtaler-werke.de\/#\/schema\/logo\/image\/","url":"https:\/\/elbtaler-werke.de\/wp-content\/uploads\/2025\/02\/cropped-100x100_Logo-1.png","contentUrl":"https:\/\/elbtaler-werke.de\/wp-content\/uploads\/2025\/02\/cropped-100x100_Logo-1.png","width":100,"height":100,"caption":"Elbtaler Werke"},"image":{"@id":"https:\/\/elbtaler-werke.de\/#\/schema\/logo\/image\/"}}]}},"_links":{"self":[{"href":"https:\/\/elbtaler-werke.de\/index.php?rest_route=\/wp\/v2\/pages\/11860","targetHints":{"allow":["GET"]}}],"collection":[{"href":"https:\/\/elbtaler-werke.de\/index.php?rest_route=\/wp\/v2\/pages"}],"about":[{"href":"https:\/\/elbtaler-werke.de\/index.php?rest_route=\/wp\/v2\/types\/page"}],"author":[{"embeddable":true,"href":"https:\/\/elbtaler-werke.de\/index.php?rest_route=\/wp\/v2\/users\/1"}],"replies":[{"embeddable":true,"href":"https:\/\/elbtaler-werke.de\/index.php?rest_route=%2Fwp%2Fv2%2Fcomments&post=11860"}],"version-history":[{"count":11,"href":"https:\/\/elbtaler-werke.de\/index.php?rest_route=\/wp\/v2\/pages\/11860\/revisions"}],"predecessor-version":[{"id":12230,"href":"https:\/\/elbtaler-werke.de\/index.php?rest_route=\/wp\/v2\/pages\/11860\/revisions\/12230"}],"wp:attachment":[{"href":"https:\/\/elbtaler-werke.de\/index.php?rest_route=%2Fwp%2Fv2%2Fmedia&parent=11860"}],"curies":[{"name":"wp","href":"https:\/\/api.w.org\/{rel}","templated":true}]}}